{"id":434,"date":"2018-05-22T08:22:48","date_gmt":"2018-05-22T06:22:48","guid":{"rendered":"https:\/\/232.wp.myonoffice.com\/?page_id=434"},"modified":"2019-01-28T13:08:02","modified_gmt":"2019-01-28T12:08:02","slug":"servizi","status":"publish","type":"page","link":"https:\/\/testinstanz-lifestylehomes.onofficeweb.com\/it\/servizi\/","title":{"rendered":"Servizi"},"content":{"rendered":"\n<style type=\"text\/css\" data-created_by=\"avia_inline_auto\" id=\"style-css-av-av_section-1c38e33f43364a50c256b2b7db193a1d\">\n.avia-section.av-av_section-1c38e33f43364a50c256b2b7db193a1d{\nbackground-repeat:no-repeat;\nbackground-image:url(https:\/\/testinstanz-lifestylehomes.onofficeweb.com\/wp-content\/uploads\/2018\/09\/background.png);\nbackground-position:50% 0%;\nbackground-attachment:fixed;\n}\n<\/style>\n<div id='av_section_1'  class='avia-section av-av_section-1c38e33f43364a50c256b2b7db193a1d main_color avia-section-large avia-no-border-styling  avia-builder-el-0  avia-builder-el-no-sibling  avia-full-stretch avia-bg-style-fixed container_wrap fullsize'  data-section-bg-repeat='stretch'><div class='container av-section-cont-open' ><main  role=\"main\" itemprop=\"mainContentOfPage\"  class='template-page content  av-content-full alpha units'><div class='post-entry post-entry-type-page post-entry-434'><div class='entry-content-wrapper clearfix'>\r\n\r\n\n<style type=\"text\/css\" data-created_by=\"avia_inline_auto\" id=\"style-css-av-av_hr-d50449065512dfb87382cb0128eaa335\">\n#top .hr.hr-invisible.av-av_hr-d50449065512dfb87382cb0128eaa335{\nheight:100px;\n}\n<\/style>\n<div  class='hr av-av_hr-d50449065512dfb87382cb0128eaa335 hr-invisible  avia-builder-el-1  el_before_av_one_full  avia-builder-el-first '><span class='hr-inner '><span class=\"hr-inner-style\"><\/span><\/span><\/div>\r\n\r\n\n<style type=\"text\/css\" data-created_by=\"avia_inline_auto\" id=\"style-css-av-av_one_full-d88ffeb016d0a4767fae3557276377d0\">\n.flex_column.av-av_one_full-d88ffeb016d0a4767fae3557276377d0{\nborder-radius:0px 0px 0px 0px;\npadding:30px 30px 30px 30px;\n}\n<\/style>\n<div  class='flex_column av-av_one_full-d88ffeb016d0a4767fae3557276377d0 av_one_full  avia-builder-el-2  el_after_av_hr  el_before_av_hr  first flex_column_div  '     ><style type=\"text\/css\" data-created_by=\"avia_inline_auto\" id=\"style-css-av-av_heading-ee19e5b2f2d84040ec8405f772717925\">\n#top .av-special-heading.av-av_heading-ee19e5b2f2d84040ec8405f772717925{\npadding-bottom:10px;\n}\nbody .av-special-heading.av-av_heading-ee19e5b2f2d84040ec8405f772717925 .av-special-heading-tag .heading-char{\nfont-size:25px;\n}\n.av-special-heading.av-av_heading-ee19e5b2f2d84040ec8405f772717925 .av-subheading{\nfont-size:15px;\n}\n\n@media only screen and (min-width: 768px) and (max-width: 989px){ \n#top #wrap_all .av-special-heading.av-av_heading-ee19e5b2f2d84040ec8405f772717925 .av-special-heading-tag{\nfont-size:18px;\n}\n}\n\n@media only screen and (min-width: 480px) and (max-width: 767px){ \n#top #wrap_all .av-special-heading.av-av_heading-ee19e5b2f2d84040ec8405f772717925 .av-special-heading-tag{\nfont-size:18px;\n}\n}\n\n@media only screen and (max-width: 479px){ \n#top #wrap_all .av-special-heading.av-av_heading-ee19e5b2f2d84040ec8405f772717925 .av-special-heading-tag{\nfont-size:18px;\n}\n}\n<\/style>\n<div  class='av-special-heading av-av_heading-ee19e5b2f2d84040ec8405f772717925 av-special-heading-h1 blockquote modern-quote  avia-builder-el-3  el_before_av_textblock  avia-builder-el-first '><h1 class='av-special-heading-tag'  itemprop=\"headline\"  >Immobilien? Wertvolles geh\u00f6rt nur in beste H\u00e4nde!<\/h1><div class=\"special-heading-border\"><div class=\"special-heading-inner-border\"><\/div><\/div><\/div>\n<section  class='av_textblock_section av-av_textblock-2de302bf1aa3cf4c9157dbe6f50ac7eb '   itemscope=\"itemscope\" itemtype=\"https:\/\/schema.org\/CreativeWork\" ><div class='avia_textblock'  itemprop=\"text\" ><div class=\"my_content_paragraph\">\n<p>Ob Immobilien-Verkauf oder -Kauf \u2013 Immobilien kosten Geld, Zeit, M\u00fche und Nerven. Wir machen in jedem Fall Kapital f\u00fcr Sie daraus \u2013 zeit- und m\u00fchesparend und stressfrei!<\/p>\n<p>Immobilien sind eine Herzensangelegenheiten f\u00fcr uns: Wir gehen damit um wie mit unseren eigenen vier W\u00e4nden, wobei es keine Rolle spielt,<\/p>\n<ul>\n<li>wie hoch der Wert,<\/li>\n<li>wie gross und exklusiv die Anlage,<\/li>\n<li>wo und in welcher Lage ,<\/li>\n<li>ob die Immobilie Bauland ist.<\/li>\n<\/ul>\n<p>Erfahrung, Solidit\u00e4t und Seriosit\u00e4t sind unser Kapital, mit dem wir uns<br \/>\num Ihre Immobilie k\u00fcmmern \u2013 mit Know how, mit Leidenschaft, mit Engagement.<br \/>\nWir k\u00fcmmern uns um alles, beraten individuell, umfassend\u00a0und diskret:<br \/>\nKomplett-Service aus einer Hand!<\/p>\n<\/div>\n<\/div><\/section>\n<div  class='hr av-av_hr-6ab6857e054c15feb14d8aa4c966228f hr-default  avia-builder-el-5  el_after_av_textblock  el_before_av_textblock '><span class='hr-inner '><span class=\"hr-inner-style\"><\/span><\/span><\/div>\n<section  class='av_textblock_section av-av_textblock-2de302bf1aa3cf4c9157dbe6f50ac7eb '   itemscope=\"itemscope\" itemtype=\"https:\/\/schema.org\/CreativeWork\" ><div class='avia_textblock'  itemprop=\"text\" ><div class=\"my_content_paragraph\">\n<h4>Sie wollen eine Immobilie verkaufen?<\/h4>\n<div class=\"my_content_paragraph\">\n<ul>\n<li>Wir sind f\u00fcr die erste Kontaktaufnahme nur einen Telefonanruf von Ihnen entfernt.<\/li>\n<li>Wir kennen Land und Leute und sprechen ihre Sprache \u2013 ob in der Schweiz oder in Italien.<\/li>\n<li>Wir sind bekannt und haben einen guten Ruf.<\/li>\n<li>Wir sind f\u00fcr gute H\u00e4user erste Adresse.<\/li>\n<li>Wir sind bezahlbar.<\/li>\n<\/ul>\n<\/div>\n<\/div>\n<\/div><\/section>\n<div  class='hr av-av_hr-6ab6857e054c15feb14d8aa4c966228f hr-default  avia-builder-el-7  el_after_av_textblock  el_before_av_textblock '><span class='hr-inner '><span class=\"hr-inner-style\"><\/span><\/span><\/div>\n<section  class='av_textblock_section av-av_textblock-2de302bf1aa3cf4c9157dbe6f50ac7eb '   itemscope=\"itemscope\" itemtype=\"https:\/\/schema.org\/CreativeWork\" ><div class='avia_textblock'  itemprop=\"text\" ><div class=\"my_content_paragraph\">\n<h4>Sie suchen eine Immobilie?<\/h4>\n<div class=\"my_content_paragraph\">\n<ul>\n<li>Wir suchen und finden Ihre Traum-Immobilie.<\/li>\n<li>Wir haben erstklassige, attraktive Projekte im Portfolio.<\/li>\n<li>Wir sind schnell und kritisch beim Immobilien-Scouting<\/li>\n<li>Wir finden das Ihren W\u00fcnschen entsprechende Projekt \u2013 selbstverst\u00e4ndlich im Rahmen Ihrer finanziellen Vorstellungen.<\/li>\n<li>Wir sind rund um die Uhr f\u00fcr Sie da, erfahren und kompetent.<\/li>\n<\/ul>\n<\/div>\n<div class=\"my_content_paragraph\"><\/div>\n<\/div>\n<\/div><\/section>\n<div  class='hr av-av_hr-6ab6857e054c15feb14d8aa4c966228f hr-default  avia-builder-el-9  el_after_av_textblock  el_before_av_textblock '><span class='hr-inner '><span class=\"hr-inner-style\"><\/span><\/span><\/div>\n<section  class='av_textblock_section av-av_textblock-2de302bf1aa3cf4c9157dbe6f50ac7eb '   itemscope=\"itemscope\" itemtype=\"https:\/\/schema.org\/CreativeWork\" ><div class='avia_textblock'  itemprop=\"text\" ><div class=\"my_content_paragraph\">\n<h4>Sie suchen eine Location f\u00fcr Film-Produktionen?<\/h4>\n<div class=\"my_content_paragraph\">\n<p>Wir haben den Dreh raus und finden ideale Aufnahmepl\u00e4tze f\u00fcr jede Aufgabenstellung, f\u00fcr jede Anforderung \u2013 als Insider kennen wir die sch\u00f6nsten Pl\u00e4tze. Gerne scouten wir nach Ihrem individuellen Briefing Locations. Lassen Sie sich \u00fcberraschen!<\/p>\n<\/div>\n<div class=\"my_content_paragraph\"><\/div>\n<div class=\"my_content_separator\"><\/div>\n<div class=\"my_content_paragraph\"><\/div>\n<div class=\"my_content_separator\"><\/div>\n<div class=\"my_content_paragraph\"><\/div>\n<div class=\"my_content_paragraph\"><\/div>\n<\/div>\n<\/div><\/section>\n<div  class='hr av-av_hr-6ab6857e054c15feb14d8aa4c966228f hr-default  avia-builder-el-11  el_after_av_textblock  el_before_av_textblock '><span class='hr-inner '><span class=\"hr-inner-style\"><\/span><\/span><\/div>\n<section  class='av_textblock_section av-av_textblock-2de302bf1aa3cf4c9157dbe6f50ac7eb '   itemscope=\"itemscope\" itemtype=\"https:\/\/schema.org\/CreativeWork\" ><div class='avia_textblock'  itemprop=\"text\" ><div class=\"my_content_paragraph\">\n<h4>Sie wollen R\u00e4ume gestalten?<\/h4>\n<div class=\"my_content_paragraph\">\n<ul>\n<li>Wir geben Ihrem Heim, Ihren gesch\u00e4ftlichen und gesellschaftlichen R\u00e4umen die individuelle, au\u00dfergew\u00f6hnliche, einzigartige\u00a0Note.<\/li>\n<li>Wir beraten, planen, entwerfen und realisieren termingerecht und in bester Qualit\u00e4t.<\/li>\n<li>Wir kreieren R\u00e4ume voller Atmosph\u00e4re, Stil und Flair \u2013 zu Qualit\u00e4ten, die den Preis wert sind.<\/li>\n<\/ul>\n<p>Wir freuen uns, Sie kennenlernen zu d\u00fcrfen!<br \/>\nBitte verf\u00fcgen Sie \u00fcber unseren Terminkalender!<\/p>\n<\/div>\n<div class=\"my_content_separator\"><\/div>\n<div class=\"my_content_paragraph\"><\/div>\n<div class=\"my_content_separator\"><\/div>\n<div class=\"my_content_paragraph\"><\/div>\n<div class=\"my_content_paragraph\"><\/div>\n<\/div>\n<\/div><\/section><\/div>\n<style type=\"text\/css\" data-created_by=\"avia_inline_auto\" id=\"style-css-av-av_hr-d50449065512dfb87382cb0128eaa335\">\n#top .hr.hr-invisible.av-av_hr-d50449065512dfb87382cb0128eaa335{\nheight:100px;\n}\n<\/style>\n<div  class='hr av-av_hr-d50449065512dfb87382cb0128eaa335 hr-invisible  avia-builder-el-13  el_after_av_one_full  avia-builder-el-last '><span class='hr-inner '><span class=\"hr-inner-style\"><\/span><\/span><\/div>\r\n\r\n","protected":false},"excerpt":{"rendered":"","protected":false},"author":5,"featured_media":0,"parent":0,"menu_order":0,"comment_status":"closed","ping_status":"closed","template":"","meta":{"footnotes":""},"yoast_head":"<!-- This site is optimized with the Yoast SEO plugin v21.1 - https:\/\/yoast.com\/wordpress\/plugins\/seo\/ -->\n<title>Servizi - LifestyleHomes<\/title>\n<meta name=\"robots\" content=\"index, follow, max-snippet:-1, max-image-preview:large, max-video-preview:-1\" \/>\n<link rel=\"canonical\" href=\"https:\/\/testinstanz-lifestylehomes.onofficeweb.com\/it\/servizi\/\" \/>\n<meta property=\"og:locale\" content=\"it_IT\" \/>\n<meta property=\"og:type\" content=\"article\" \/>\n<meta property=\"og:title\" content=\"Servizi - LifestyleHomes\" \/>\n<meta property=\"og:url\" content=\"https:\/\/testinstanz-lifestylehomes.onofficeweb.com\/it\/servizi\/\" \/>\n<meta property=\"og:site_name\" content=\"LifestyleHomes\" \/>\n<meta property=\"article:publisher\" content=\"https:\/\/www.facebook.com\/lifestylehomesstmoritz\/\" \/>\n<meta property=\"article:modified_time\" content=\"2019-01-28T12:08:02+00:00\" \/>\n<meta property=\"og:image\" content=\"https:\/\/testinstanz-lifestylehomes.onofficeweb.com\/wp-content\/uploads\/2018\/11\/LifestyleLogo_web.png\" \/>\n\t<meta property=\"og:image:width\" content=\"400\" \/>\n\t<meta property=\"og:image:height\" content=\"88\" \/>\n\t<meta property=\"og:image:type\" content=\"image\/png\" \/>\n<meta name=\"twitter:card\" content=\"summary_large_image\" \/>\n<meta name=\"twitter:label1\" content=\"Tempo di lettura stimato\" \/>\n\t<meta name=\"twitter:data1\" content=\"5 minuti\" \/>\n<script type=\"application\/ld+json\" class=\"yoast-schema-graph\">{\"@context\":\"https:\/\/schema.org\",\"@graph\":[{\"@type\":\"WebPage\",\"@id\":\"https:\/\/testinstanz-lifestylehomes.onofficeweb.com\/it\/servizi\/\",\"url\":\"https:\/\/testinstanz-lifestylehomes.onofficeweb.com\/it\/servizi\/\",\"name\":\"Servizi - LifestyleHomes\",\"isPartOf\":{\"@id\":\"https:\/\/testinstanz-lifestylehomes.onofficeweb.com\/#website\"},\"datePublished\":\"2018-05-22T06:22:48+00:00\",\"dateModified\":\"2019-01-28T12:08:02+00:00\",\"breadcrumb\":{\"@id\":\"https:\/\/testinstanz-lifestylehomes.onofficeweb.com\/it\/servizi\/#breadcrumb\"},\"inLanguage\":\"it-IT\",\"potentialAction\":[{\"@type\":\"ReadAction\",\"target\":[\"https:\/\/testinstanz-lifestylehomes.onofficeweb.com\/it\/servizi\/\"]}]},{\"@type\":\"BreadcrumbList\",\"@id\":\"https:\/\/testinstanz-lifestylehomes.onofficeweb.com\/it\/servizi\/#breadcrumb\",\"itemListElement\":[{\"@type\":\"ListItem\",\"position\":1,\"name\":\"Startseite\",\"item\":\"https:\/\/testinstanz-lifestylehomes.onofficeweb.com\/it\/\"},{\"@type\":\"ListItem\",\"position\":2,\"name\":\"Servizi\"}]},{\"@type\":\"WebSite\",\"@id\":\"https:\/\/testinstanz-lifestylehomes.onofficeweb.com\/#website\",\"url\":\"https:\/\/testinstanz-lifestylehomes.onofficeweb.com\/\",\"name\":\"LifestyleHomes\",\"description\":\"Immobilien in Graub\u00fcnden\",\"publisher\":{\"@id\":\"https:\/\/testinstanz-lifestylehomes.onofficeweb.com\/#organization\"},\"potentialAction\":[{\"@type\":\"SearchAction\",\"target\":{\"@type\":\"EntryPoint\",\"urlTemplate\":\"https:\/\/testinstanz-lifestylehomes.onofficeweb.com\/?s={search_term_string}\"},\"query-input\":\"required name=search_term_string\"}],\"inLanguage\":\"it-IT\"},{\"@type\":\"Organization\",\"@id\":\"https:\/\/testinstanz-lifestylehomes.onofficeweb.com\/#organization\",\"name\":\"LifestyleHomes Annamarie Piacente AG\",\"url\":\"https:\/\/testinstanz-lifestylehomes.onofficeweb.com\/\",\"logo\":{\"@type\":\"ImageObject\",\"inLanguage\":\"it-IT\",\"@id\":\"https:\/\/testinstanz-lifestylehomes.onofficeweb.com\/#\/schema\/logo\/image\/\",\"url\":\"https:\/\/testinstanz-lifestylehomes.onofficeweb.com\/wp-content\/uploads\/2018\/11\/LifestyleLogo_web.png\",\"contentUrl\":\"https:\/\/testinstanz-lifestylehomes.onofficeweb.com\/wp-content\/uploads\/2018\/11\/LifestyleLogo_web.png\",\"width\":400,\"height\":88,\"caption\":\"LifestyleHomes Annamarie Piacente AG\"},\"image\":{\"@id\":\"https:\/\/testinstanz-lifestylehomes.onofficeweb.com\/#\/schema\/logo\/image\/\"},\"sameAs\":[\"https:\/\/www.facebook.com\/lifestylehomesstmoritz\/\",\"https:\/\/instagram.com\/lifestylehomespiacente\/\",\"https:\/\/www.youtube.com\/channel\/UCf--CP2oA5byJJshtClV60g\"]}]}<\/script>\n<!-- \/ Yoast SEO plugin. -->","yoast_head_json":{"title":"Servizi - LifestyleHomes","robots":{"index":"index","follow":"follow","max-snippet":"max-snippet:-1","max-image-preview":"max-image-preview:large","max-video-preview":"max-video-preview:-1"},"canonical":"https:\/\/testinstanz-lifestylehomes.onofficeweb.com\/it\/servizi\/","og_locale":"it_IT","og_type":"article","og_title":"Servizi - LifestyleHomes","og_url":"https:\/\/testinstanz-lifestylehomes.onofficeweb.com\/it\/servizi\/","og_site_name":"LifestyleHomes","article_publisher":"https:\/\/www.facebook.com\/lifestylehomesstmoritz\/","article_modified_time":"2019-01-28T12:08:02+00:00","og_image":[{"width":400,"height":88,"url":"https:\/\/testinstanz-lifestylehomes.onofficeweb.com\/wp-content\/uploads\/2018\/11\/LifestyleLogo_web.png","type":"image\/png"}],"twitter_card":"summary_large_image","twitter_misc":{"Tempo di lettura stimato":"5 minuti"},"schema":{"@context":"https:\/\/schema.org","@graph":[{"@type":"WebPage","@id":"https:\/\/testinstanz-lifestylehomes.onofficeweb.com\/it\/servizi\/","url":"https:\/\/testinstanz-lifestylehomes.onofficeweb.com\/it\/servizi\/","name":"Servizi - LifestyleHomes","isPartOf":{"@id":"https:\/\/testinstanz-lifestylehomes.onofficeweb.com\/#website"},"datePublished":"2018-05-22T06:22:48+00:00","dateModified":"2019-01-28T12:08:02+00:00","breadcrumb":{"@id":"https:\/\/testinstanz-lifestylehomes.onofficeweb.com\/it\/servizi\/#breadcrumb"},"inLanguage":"it-IT","potentialAction":[{"@type":"ReadAction","target":["https:\/\/testinstanz-lifestylehomes.onofficeweb.com\/it\/servizi\/"]}]},{"@type":"BreadcrumbList","@id":"https:\/\/testinstanz-lifestylehomes.onofficeweb.com\/it\/servizi\/#breadcrumb","itemListElement":[{"@type":"ListItem","position":1,"name":"Startseite","item":"https:\/\/testinstanz-lifestylehomes.onofficeweb.com\/it\/"},{"@type":"ListItem","position":2,"name":"Servizi"}]},{"@type":"WebSite","@id":"https:\/\/testinstanz-lifestylehomes.onofficeweb.com\/#website","url":"https:\/\/testinstanz-lifestylehomes.onofficeweb.com\/","name":"LifestyleHomes","description":"Immobilien in Graub\u00fcnden","publisher":{"@id":"https:\/\/testinstanz-lifestylehomes.onofficeweb.com\/#organization"},"potentialAction":[{"@type":"SearchAction","target":{"@type":"EntryPoint","urlTemplate":"https:\/\/testinstanz-lifestylehomes.onofficeweb.com\/?s={search_term_string}"},"query-input":"required name=search_term_string"}],"inLanguage":"it-IT"},{"@type":"Organization","@id":"https:\/\/testinstanz-lifestylehomes.onofficeweb.com\/#organization","name":"LifestyleHomes Annamarie Piacente AG","url":"https:\/\/testinstanz-lifestylehomes.onofficeweb.com\/","logo":{"@type":"ImageObject","inLanguage":"it-IT","@id":"https:\/\/testinstanz-lifestylehomes.onofficeweb.com\/#\/schema\/logo\/image\/","url":"https:\/\/testinstanz-lifestylehomes.onofficeweb.com\/wp-content\/uploads\/2018\/11\/LifestyleLogo_web.png","contentUrl":"https:\/\/testinstanz-lifestylehomes.onofficeweb.com\/wp-content\/uploads\/2018\/11\/LifestyleLogo_web.png","width":400,"height":88,"caption":"LifestyleHomes Annamarie Piacente AG"},"image":{"@id":"https:\/\/testinstanz-lifestylehomes.onofficeweb.com\/#\/schema\/logo\/image\/"},"sameAs":["https:\/\/www.facebook.com\/lifestylehomesstmoritz\/","https:\/\/instagram.com\/lifestylehomespiacente\/","https:\/\/www.youtube.com\/channel\/UCf--CP2oA5byJJshtClV60g"]}]}},"_links":{"self":[{"href":"https:\/\/testinstanz-lifestylehomes.onofficeweb.com\/it\/wp-json\/wp\/v2\/pages\/434"}],"collection":[{"href":"https:\/\/testinstanz-lifestylehomes.onofficeweb.com\/it\/wp-json\/wp\/v2\/pages"}],"about":[{"href":"https:\/\/testinstanz-lifestylehomes.onofficeweb.com\/it\/wp-json\/wp\/v2\/types\/page"}],"author":[{"embeddable":true,"href":"https:\/\/testinstanz-lifestylehomes.onofficeweb.com\/it\/wp-json\/wp\/v2\/users\/5"}],"replies":[{"embeddable":true,"href":"https:\/\/testinstanz-lifestylehomes.onofficeweb.com\/it\/wp-json\/wp\/v2\/comments?post=434"}],"version-history":[{"count":9,"href":"https:\/\/testinstanz-lifestylehomes.onofficeweb.com\/it\/wp-json\/wp\/v2\/pages\/434\/revisions"}],"predecessor-version":[{"id":1498,"href":"https:\/\/testinstanz-lifestylehomes.onofficeweb.com\/it\/wp-json\/wp\/v2\/pages\/434\/revisions\/1498"}],"wp:attachment":[{"href":"https:\/\/testinstanz-lifestylehomes.onofficeweb.com\/it\/wp-json\/wp\/v2\/media?parent=434"}],"curies":[{"name":"wp","href":"https:\/\/api.w.org\/{rel}","templated":true}]}}